{"id":13724,"date":"2025-09-15T11:00:15","date_gmt":"2025-09-15T09:00:15","guid":{"rendered":"https:\/\/www.bergmanlabora.se\/product\/rebound-leeb-kovuusmittari-dynarock-iii\/"},"modified":"2025-09-15T11:00:15","modified_gmt":"2025-09-15T09:00:15","slug":"rebound-leeb-kovuusmittari-dynarock-iii","status":"publish","type":"product","link":"https:\/\/www.bergmanlabora.se\/fi\/tuote\/rebound-leeb-kovuusmittari-dynarock-iii\/","title":{"rendered":"Rebound (Leeb) Kovuusmittari dynaROCK III"},"content":{"rendered":"<p data-start=\"113\" data-end=\"199\">Yleisk\u00e4ytt\u00f6inen rebound-kovuusmittari, jossa on vankka metallikotelo (alumiini) ja suuri muisti.<\/p>\n<h3 data-start=\"201\" data-end=\"237\">Nopea ja helppo kovuuden testaus<\/h3>\n<ul data-start=\"238\" data-end=\"475\">\n<li data-start=\"238\" data-end=\"299\">\n<p data-start=\"240\" data-end=\"299\">DIN 50156, DIN EN ISO 16859 ja ASTM A956 mukainen mittausmenetelm\u00e4.<\/p>\n<\/li>\n<li data-start=\"300\" data-end=\"334\">\n<p data-start=\"302\" data-end=\"334\">Tukeva metallinen (alumiininen) kotelo<\/p>\n<\/li>\n<li data-start=\"335\" data-end=\"355\">\n<p data-start=\"337\" data-end=\"355\">Suuri v\u00e4rin\u00e4ytt\u00f6<\/p>\n<\/li>\n<li data-start=\"356\" data-end=\"382\">\n<p data-start=\"358\" data-end=\"382\">Sis\u00e4\u00e4nrakennettu Li-ion-akku<\/p>\n<\/li>\n<li data-start=\"383\" data-end=\"405\">\n<p data-start=\"385\" data-end=\"405\">12 materiaaliryhm\u00e4\u00e4<\/p>\n<\/li>\n<li data-start=\"406\" data-end=\"454\">\n<p data-start=\"408\" data-end=\"454\">Kattavat tallennus- ja tilastotoiminnot<\/p>\n<\/li>\n<li data-start=\"455\" data-end=\"475\">\n<p data-start=\"457\" data-end=\"475\">USB-C-liit\u00e4nt\u00e4<\/p>\n<\/li>\n<\/ul>\n<p data-start=\"477\" data-end=\"614\">dynaROCK III toimii metallisten materiaalien Leebin rebound-kovuuden testausmenetelm\u00e4n mukaisesti. Sen on kehitt\u00e4nyt ja valmistaa BAQ GmbH. <\/p>\n<p data-start=\"616\" data-end=\"891\">dynaROCK III:ssa yhdistyv\u00e4t helppok\u00e4ytt\u00f6isyys, tarkkuus ja luotettavuus. Eri sovelluksia varten on saatavana kuusi erilaista toimilaitetyyppi\u00e4. Liitetyn toimilaitteen tyyppi tunnistetaan automaattisesti.<br data-start=\"816\" data-end=\"819\">Tietoa oikean toimilaitteen valinnasta l\u00f6yd\u00e4t sovellusasiakirjoistamme.  <\/p>\n<hr data-start=\"893\" data-end=\"896\">\n<h2 data-start=\"898\" data-end=\"914\">Tekniset tiedot<\/h2>\n<ul data-start=\"915\" data-end=\"1829\">\n<li data-start=\"915\" data-end=\"970\">\n<p data-start=\"917\" data-end=\"970\"><strong data-start=\"917\" data-end=\"930\">Mittausmenetelm\u00e4:<\/strong> DIN EN ISO 16859 ja ASTM A956 -standardien mukaisesti.<\/p>\n<\/li>\n<li data-start=\"971\" data-end=\"1011\">\n<p data-start=\"973\" data-end=\"1011\"><strong data-start=\"973\" data-end=\"990\">Testimateriaali:<\/strong> 12 materiaaliryhm\u00e4\u00e4<\/p>\n<\/li>\n<li data-start=\"1012\" data-end=\"1081\">\n<p data-start=\"1014\" data-end=\"1081\"><strong data-start=\"1014\" data-end=\"1027\">Testivaatimus:<\/strong> Testikappaleen v\u00e4himm\u00e4ispaino vakaalla alustalla: 2 kg.<\/p>\n<\/li>\n<li data-start=\"1082\" data-end=\"1150\">\n<p data-start=\"1084\" data-end=\"1150\"><strong data-start=\"1084\" data-end=\"1102\">Kovuusasteikko:<\/strong> HRC, HB, HV, HRB, HL, HS ja vetolujuus.<\/p>\n<\/li>\n<li data-start=\"1151\" data-end=\"1208\">\n<p data-start=\"1153\" data-end=\"1208\"><strong data-start=\"1153\" data-end=\"1165\">N\u00e4ytt\u00f6:<\/strong> 3,5&#8243; TFT-LCD-v\u00e4rin\u00e4ytt\u00f6, 640 x 480 pikseli\u00e4.<\/p>\n<\/li>\n<li data-start=\"1209\" data-end=\"1267\">\n<p data-start=\"1211\" data-end=\"1267\"><strong data-start=\"1211\" data-end=\"1225\">Tilastot:<\/strong> keskiarvo, keskihajonta, min, max.<\/p>\n<\/li>\n<li data-start=\"1268\" data-end=\"1361\">\n<p data-start=\"1270\" data-end=\"1361\"><strong data-start=\"1270\" data-end=\"1284\">Tietomuisti:<\/strong> &gt; 1 miljoona tietokokonaisuutta p\u00e4iv\u00e4m\u00e4\u00e4rineen, kellonaikoineen, GOOD\/BAD-arviointeineen ja vaikutussuuntineen.<\/p>\n<\/li>\n<li data-start=\"1362\" data-end=\"1387\">\n<p data-start=\"1364\" data-end=\"1387\"><strong data-start=\"1364\" data-end=\"1379\">Liit\u00e4nt\u00e4:<\/strong> USB-C<\/p>\n<\/li>\n<li data-start=\"1388\" data-end=\"1499\">\n<p data-start=\"1390\" data-end=\"1411\"><strong data-start=\"1390\" data-end=\"1409\">Tiedonsiirto:<\/strong><\/p>\n<ul data-start=\"1414\" data-end=\"1499\">\n<li data-start=\"1414\" data-end=\"1463\">\n<p data-start=\"1416\" data-end=\"1463\">Suora protokollatulostus minil\u00e4mp\u00f6kirjoittimella<\/p>\n<\/li>\n<li data-start=\"1466\" data-end=\"1499\">\n<p data-start=\"1468\" data-end=\"1499\">Tiedonsiirto USB-muistitikulle<\/p>\n<\/li>\n<\/ul>\n<\/li>\n<li data-start=\"1500\" data-end=\"1577\">\n<p data-start=\"1502\" data-end=\"1577\"><strong data-start=\"1502\" data-end=\"1523\">Virtal\u00e4hde:<\/strong> Sis\u00e4\u00e4nrakennettu ladattava litiumioniakku, 6800 mAh.<\/p>\n<\/li>\n<li data-start=\"1578\" data-end=\"1623\">\n<p data-start=\"1580\" data-end=\"1623\"><strong data-start=\"1580\" data-end=\"1593\">Lataus:<\/strong> Verkkolaitteen tai tietokoneen USB-liit\u00e4nn\u00e4n kautta.<\/p>\n<\/li>\n<li data-start=\"1624\" data-end=\"1654\">\n<p data-start=\"1626\" data-end=\"1654\"><strong data-start=\"1626\" data-end=\"1639\">K\u00e4ytt\u00f6aika:<\/strong> Noin 12 tuntia<\/p>\n<\/li>\n<li data-start=\"1655\" data-end=\"1778\">\n<p data-start=\"1657\" data-end=\"1680\"><strong data-start=\"1657\" data-end=\"1678\">L\u00e4mp\u00f6tila-alue:<\/strong><\/p>\n<ul data-start=\"1683\" data-end=\"1778\">\n<li data-start=\"1683\" data-end=\"1711\">\n<p data-start=\"1685\" data-end=\"1711\">Toiminta: -15 \u00b0C - 60 \u00b0C<\/p>\n<\/li>\n<li data-start=\"1714\" data-end=\"1746\">\n<p data-start=\"1716\" data-end=\"1746\">Varastointi: -20 \u00b0C - 70 \u00b0C<\/p>\n<\/li>\n<li data-start=\"1749\" data-end=\"1778\">\n<p data-start=\"1751\" data-end=\"1778\">Lataus: 0 \u00b0C - 40 \u00b0C<\/p>\n<\/li>\n<\/ul>\n<\/li>\n<li data-start=\"1779\" data-end=\"1809\">\n<p data-start=\"1781\" data-end=\"1809\"><strong data-start=\"1781\" data-end=\"1790\">Mitat:<\/strong> 154 x 84 x 23 mm<\/p>\n<\/li>\n<li data-start=\"1810\" data-end=\"1829\">\n<p data-start=\"1812\" data-end=\"1829\"><strong data-start=\"1812\" data-end=\"1821\">Paino:<\/strong> 430 g<\/p>\n<\/li>\n<\/ul>\n","protected":false},"excerpt":{"rendered":"<p>Vankka ja k\u00e4ytt\u00e4j\u00e4yst\u00e4v\u00e4llinen kovuusmittari metallisille materiaaleille. Varustettu suurella tietomuistilla, v\u00e4rin\u00e4yt\u00f6ll\u00e4 ja sis\u00e4\u00e4nrakennetulla Li-ion-akulla. Tukee 12 materiaaliryhm\u00e4\u00e4 ja useita kovuusasteikkoja (HRC, HB, HV, HRB, HL, HS ja vetolujuus). Automaattinen iskulaitteen tunnistus ja helppo tiedonsiirto USB-C:n kautta.   <\/p>\n","protected":false},"featured_media":13725,"template":"","meta":[],"product_brand":[],"product_cat":[327,328,326,320],"product_tag":[],"class_list":{"0":"post-13724","1":"product","2":"type-product","3":"status-publish","4":"has-post-thumbnail","6":"product_cat-baq","7":"product_cat-kannettavat-kovuusmittarit","8":"product_cat-kovuusmittarit","9":"product_cat-teollisuuden-ja-materiaalien-analyysi","11":"first","12":"instock","13":"shipping-taxable","14":"purchasable","15":"product-type-simple"},"yoast_head":"<!-- This site is optimized with the Yoast SEO plugin v27.2 - https:\/\/yoast.com\/product\/yoast-seo-wordpress\/ -->\n<title>Rebound (Leeb) Kovuusmittari dynaROCK III - BergmanLabora<\/title>\n<meta name=\"description\" content=\"Nikon NEXIV VMZ-S - Nopea ja tarkka 2D\/3D-mittaus elektroniikka- ja l\u00e4\u00e4ketieteellisiin sovelluksiin. Kehittynyt optiikka ja intuitiivinen ohjelmisto.\" \/>\n<meta name=\"robots\" content=\"index, follow, max-snippet:-1, max-image-preview:large, max-video-preview:-1\" \/>\n<link rel=\"canonical\" href=\"https:\/\/www.bergmanlabora.se\/fi\/tuote\/rebound-leeb-kovuusmittari-dynarock-iii\/\" \/>\n<meta property=\"og:locale\" content=\"fi_FI\" \/>\n<meta property=\"og:type\" content=\"article\" \/>\n<meta property=\"og:title\" content=\"Rebound (Leeb) Kovuusmittari dynaROCK III - BergmanLabora\" \/>\n<meta property=\"og:description\" content=\"Nikon NEXIV VMZ-S - Nopea ja tarkka 2D\/3D-mittaus elektroniikka- ja l\u00e4\u00e4ketieteellisiin sovelluksiin. Kehittynyt optiikka ja intuitiivinen ohjelmisto.\" \/>\n<meta property=\"og:url\" content=\"https:\/\/www.bergmanlabora.se\/fi\/tuote\/rebound-leeb-kovuusmittari-dynarock-iii\/\" \/>\n<meta property=\"og:site_name\" content=\"BergmanLabora\" \/>\n<meta property=\"article:publisher\" content=\"https:\/\/www.facebook.com\/bergmanlabora\/\" \/>\n<meta property=\"og:image\" content=\"https:\/\/www.bergmanlabora.se\/wp-content\/uploads\/2025\/09\/dynaROCK-III.jpg\" \/>\n\t<meta property=\"og:image:width\" content=\"450\" \/>\n\t<meta property=\"og:image:height\" content=\"450\" \/>\n\t<meta property=\"og:image:type\" content=\"image\/jpeg\" \/>\n<meta name=\"twitter:card\" content=\"summary_large_image\" \/>\n<meta name=\"twitter:label1\" content=\"Arvioitu lukuaika\" \/>\n\t<meta name=\"twitter:data1\" content=\"1 minuutti\" \/>\n<script type=\"application\/ld+json\" class=\"yoast-schema-graph\">{\"@context\":\"https:\/\/schema.org\",\"@graph\":[{\"@type\":\"WebPage\",\"@id\":\"https:\/\/www.bergmanlabora.se\/fi\/tuote\/rebound-leeb-kovuusmittari-dynarock-iii\/\",\"url\":\"https:\/\/www.bergmanlabora.se\/fi\/tuote\/rebound-leeb-kovuusmittari-dynarock-iii\/\",\"name\":\"Rebound (Leeb) Kovuusmittari dynaROCK III - BergmanLabora\",\"isPartOf\":{\"@id\":\"https:\/\/www.bergmanlabora.se\/fi\/#website\"},\"primaryImageOfPage\":{\"@id\":\"https:\/\/www.bergmanlabora.se\/fi\/tuote\/rebound-leeb-kovuusmittari-dynarock-iii\/#primaryimage\"},\"image\":{\"@id\":\"https:\/\/www.bergmanlabora.se\/fi\/tuote\/rebound-leeb-kovuusmittari-dynarock-iii\/#primaryimage\"},\"thumbnailUrl\":\"https:\/\/www.bergmanlabora.se\/wp-content\/uploads\/2025\/09\/dynaROCK-III.jpg\",\"datePublished\":\"2025-09-15T09:00:15+00:00\",\"description\":\"Nikon NEXIV VMZ-S - Nopea ja tarkka 2D\/3D-mittaus elektroniikka- ja l\u00e4\u00e4ketieteellisiin sovelluksiin. Kehittynyt optiikka ja intuitiivinen ohjelmisto.\",\"breadcrumb\":{\"@id\":\"https:\/\/www.bergmanlabora.se\/fi\/tuote\/rebound-leeb-kovuusmittari-dynarock-iii\/#breadcrumb\"},\"inLanguage\":\"fi\",\"potentialAction\":[{\"@type\":\"ReadAction\",\"target\":[\"https:\/\/www.bergmanlabora.se\/fi\/tuote\/rebound-leeb-kovuusmittari-dynarock-iii\/\"]}]},{\"@type\":\"ImageObject\",\"inLanguage\":\"fi\",\"@id\":\"https:\/\/www.bergmanlabora.se\/fi\/tuote\/rebound-leeb-kovuusmittari-dynarock-iii\/#primaryimage\",\"url\":\"https:\/\/www.bergmanlabora.se\/wp-content\/uploads\/2025\/09\/dynaROCK-III.jpg\",\"contentUrl\":\"https:\/\/www.bergmanlabora.se\/wp-content\/uploads\/2025\/09\/dynaROCK-III.jpg\",\"width\":450,\"height\":450,\"caption\":\"BAQ Leebin kovuusmittari dynaROCK III iskulaitteen kanssa\"},{\"@type\":\"BreadcrumbList\",\"@id\":\"https:\/\/www.bergmanlabora.se\/fi\/tuote\/rebound-leeb-kovuusmittari-dynarock-iii\/#breadcrumb\",\"itemListElement\":[{\"@type\":\"ListItem\",\"position\":1,\"name\":\"Helma\",\"item\":\"https:\/\/www.bergmanlabora.se\/fi\/maailman-johtavat-laboratoriolaitteet-biotieteille-ja-teollisuudelle\/\"},{\"@type\":\"ListItem\",\"position\":2,\"name\":\"Webbutik\",\"item\":\"https:\/\/www.bergmanlabora.se\/webbutik\/\"},{\"@type\":\"ListItem\",\"position\":3,\"name\":\"Rebound (Leeb) Kovuusmittari dynaROCK III\"}]},{\"@type\":\"WebSite\",\"@id\":\"https:\/\/www.bergmanlabora.se\/fi\/#website\",\"url\":\"https:\/\/www.bergmanlabora.se\/fi\/\",\"name\":\"BergmanLabora\",\"description\":\"En av Sveriges ledande leverant\u00f6rer till den svenska laboratoriemarknaden\",\"potentialAction\":[{\"@type\":\"SearchAction\",\"target\":{\"@type\":\"EntryPoint\",\"urlTemplate\":\"https:\/\/www.bergmanlabora.se\/fi\/?s={search_term_string}\"},\"query-input\":{\"@type\":\"PropertyValueSpecification\",\"valueRequired\":true,\"valueName\":\"search_term_string\"}}],\"inLanguage\":\"fi\"}]}<\/script>\n<!-- \/ Yoast SEO plugin. -->","yoast_head_json":{"title":"Rebound (Leeb) Kovuusmittari dynaROCK III - BergmanLabora","description":"Nikon NEXIV VMZ-S - Nopea ja tarkka 2D\/3D-mittaus elektroniikka- ja l\u00e4\u00e4ketieteellisiin sovelluksiin. Kehittynyt optiikka ja intuitiivinen ohjelmisto.","robots":{"index":"index","follow":"follow","max-snippet":"max-snippet:-1","max-image-preview":"max-image-preview:large","max-video-preview":"max-video-preview:-1"},"canonical":"https:\/\/www.bergmanlabora.se\/fi\/tuote\/rebound-leeb-kovuusmittari-dynarock-iii\/","og_locale":"fi_FI","og_type":"article","og_title":"Rebound (Leeb) Kovuusmittari dynaROCK III - BergmanLabora","og_description":"Nikon NEXIV VMZ-S - Nopea ja tarkka 2D\/3D-mittaus elektroniikka- ja l\u00e4\u00e4ketieteellisiin sovelluksiin. Kehittynyt optiikka ja intuitiivinen ohjelmisto.","og_url":"https:\/\/www.bergmanlabora.se\/fi\/tuote\/rebound-leeb-kovuusmittari-dynarock-iii\/","og_site_name":"BergmanLabora","article_publisher":"https:\/\/www.facebook.com\/bergmanlabora\/","og_image":[{"width":450,"height":450,"url":"https:\/\/www.bergmanlabora.se\/wp-content\/uploads\/2025\/09\/dynaROCK-III.jpg","type":"image\/jpeg"}],"twitter_card":"summary_large_image","twitter_misc":{"Arvioitu lukuaika":"1 minuutti"},"schema":{"@context":"https:\/\/schema.org","@graph":[{"@type":"WebPage","@id":"https:\/\/www.bergmanlabora.se\/fi\/tuote\/rebound-leeb-kovuusmittari-dynarock-iii\/","url":"https:\/\/www.bergmanlabora.se\/fi\/tuote\/rebound-leeb-kovuusmittari-dynarock-iii\/","name":"Rebound (Leeb) Kovuusmittari dynaROCK III - BergmanLabora","isPartOf":{"@id":"https:\/\/www.bergmanlabora.se\/fi\/#website"},"primaryImageOfPage":{"@id":"https:\/\/www.bergmanlabora.se\/fi\/tuote\/rebound-leeb-kovuusmittari-dynarock-iii\/#primaryimage"},"image":{"@id":"https:\/\/www.bergmanlabora.se\/fi\/tuote\/rebound-leeb-kovuusmittari-dynarock-iii\/#primaryimage"},"thumbnailUrl":"https:\/\/www.bergmanlabora.se\/wp-content\/uploads\/2025\/09\/dynaROCK-III.jpg","datePublished":"2025-09-15T09:00:15+00:00","description":"Nikon NEXIV VMZ-S - Nopea ja tarkka 2D\/3D-mittaus elektroniikka- ja l\u00e4\u00e4ketieteellisiin sovelluksiin. Kehittynyt optiikka ja intuitiivinen ohjelmisto.","breadcrumb":{"@id":"https:\/\/www.bergmanlabora.se\/fi\/tuote\/rebound-leeb-kovuusmittari-dynarock-iii\/#breadcrumb"},"inLanguage":"fi","potentialAction":[{"@type":"ReadAction","target":["https:\/\/www.bergmanlabora.se\/fi\/tuote\/rebound-leeb-kovuusmittari-dynarock-iii\/"]}]},{"@type":"ImageObject","inLanguage":"fi","@id":"https:\/\/www.bergmanlabora.se\/fi\/tuote\/rebound-leeb-kovuusmittari-dynarock-iii\/#primaryimage","url":"https:\/\/www.bergmanlabora.se\/wp-content\/uploads\/2025\/09\/dynaROCK-III.jpg","contentUrl":"https:\/\/www.bergmanlabora.se\/wp-content\/uploads\/2025\/09\/dynaROCK-III.jpg","width":450,"height":450,"caption":"BAQ Leebin kovuusmittari dynaROCK III iskulaitteen kanssa"},{"@type":"BreadcrumbList","@id":"https:\/\/www.bergmanlabora.se\/fi\/tuote\/rebound-leeb-kovuusmittari-dynarock-iii\/#breadcrumb","itemListElement":[{"@type":"ListItem","position":1,"name":"Helma","item":"https:\/\/www.bergmanlabora.se\/fi\/maailman-johtavat-laboratoriolaitteet-biotieteille-ja-teollisuudelle\/"},{"@type":"ListItem","position":2,"name":"Webbutik","item":"https:\/\/www.bergmanlabora.se\/webbutik\/"},{"@type":"ListItem","position":3,"name":"Rebound (Leeb) Kovuusmittari dynaROCK III"}]},{"@type":"WebSite","@id":"https:\/\/www.bergmanlabora.se\/fi\/#website","url":"https:\/\/www.bergmanlabora.se\/fi\/","name":"BergmanLabora","description":"En av Sveriges ledande leverant\u00f6rer till den svenska laboratoriemarknaden","potentialAction":[{"@type":"SearchAction","target":{"@type":"EntryPoint","urlTemplate":"https:\/\/www.bergmanlabora.se\/fi\/?s={search_term_string}"},"query-input":{"@type":"PropertyValueSpecification","valueRequired":true,"valueName":"search_term_string"}}],"inLanguage":"fi"}]}},"_links":{"self":[{"href":"https:\/\/www.bergmanlabora.se\/fi\/wp-json\/wp\/v2\/product\/13724","targetHints":{"allow":["GET"]}}],"collection":[{"href":"https:\/\/www.bergmanlabora.se\/fi\/wp-json\/wp\/v2\/product"}],"about":[{"href":"https:\/\/www.bergmanlabora.se\/fi\/wp-json\/wp\/v2\/types\/product"}],"wp:featuredmedia":[{"embeddable":true,"href":"https:\/\/www.bergmanlabora.se\/fi\/wp-json\/wp\/v2\/media\/13725"}],"wp:attachment":[{"href":"https:\/\/www.bergmanlabora.se\/fi\/wp-json\/wp\/v2\/media?parent=13724"}],"wp:term":[{"taxonomy":"product_brand","embeddable":true,"href":"https:\/\/www.bergmanlabora.se\/fi\/wp-json\/wp\/v2\/product_brand?post=13724"},{"taxonomy":"product_cat","embeddable":true,"href":"https:\/\/www.bergmanlabora.se\/fi\/wp-json\/wp\/v2\/product_cat?post=13724"},{"taxonomy":"product_tag","embeddable":true,"href":"https:\/\/www.bergmanlabora.se\/fi\/wp-json\/wp\/v2\/product_tag?post=13724"}],"curies":[{"name":"wp","href":"https:\/\/api.w.org\/{rel}","templated":true}]}}