{"id":9775,"date":"2021-04-27T10:44:46","date_gmt":"2021-04-27T08:44:46","guid":{"rendered":"https:\/\/www.bergmanlabora.se\/produkt\/supplier-marzhauser\/"},"modified":"2021-04-27T10:44:46","modified_gmt":"2021-04-27T08:44:46","slug":"supplier-marzhauser","status":"publish","type":"product","link":"https:\/\/www.bergmanlabora.se\/en\/product\/supplier-marzhauser\/","title":{"rendered":"Supplier M\u00e4rzh\u00e4user"},"content":{"rendered":"<p>As a world-leading original equipment manufacturer, M\u00e4rzh\u00e4user develops and manufactures manual and motorized micropositioning systems as well as microscope controllers and equipment.<\/p>\n<p>Working closely with leading microscope manufacturers, universities and research institutes, we develop customized and innovative systems that enable microscope users to work accurately and ergonomically.<\/p>\n<h3>Micropositioning systems for precision<\/h3>\n<p>In research and development, material testing and also in the field of Life Science: M\u00e4rzh\u00e4user micropositioning systems provide precision right to the point!<\/p>\n<p>Experienced and conscientious employees ensure that all our products are of consistently high quality, another reason for us to also pay special attention to constantly training our team. We see the training of young, motivated people to become the skilled workers of tomorrow as an investment in the future: Every year, far more apprentices are trained in our M\u00e4rzh\u00e4user training workshop than the average and are honored across the country for their good performance. <\/p>\n<p>Needless to say, a high degree of quality requires very modern technology: Automated workplaces for testing in air-conditioned measuring rooms, a modern machine park and standardized processes are important requirements for this: The quality management system of M\u00e4rzh\u00e4user Wetzlar is certified according to DIN ISO 9001:2015.<\/p>\n<p>Through our innovative &#8216;Made in Germany&#8217; developments, we not only strengthen our customers&#8217; market position, but also make an important contribution to research and supply in developing countries.<br \/>\n<strong><br \/>\nBergmanLabora is a retailer of M\u00e4rzh\u00e4user in Sweden with a focus on:  <\/strong><\/p>\n<ul>\n<li>Microscope motorization (XY stage, motor focus, etc.)<\/li>\n<li>Microscope lighting<\/li>\n<li>Microscope accessories (slide loader, immersion media dispenser, etc.)<\/li>\n<\/ul>\n<h3>Contact the product specialist:<\/h3>\n<table class=\"kontaktpersoner\">\n<tbody>\n<tr>\n<td><img decoding=\"async\" class=\"alignnone size-full wp-image-947 lazyload\" data-src=\"https:\/\/www.bergmanlabora.se\/wp-content\/uploads\/2021\/05\/Oliver.png\" alt=\"\" width=\"200\" height=\"200\" src=\"data:image\/svg+xml;base64,PHN2ZyB3aWR0aD0iMSIgaGVpZ2h0PSIxIiB4bWxucz0iaHR0cDovL3d3dy53My5vcmcvMjAwMC9zdmciPjwvc3ZnPg==\" style=\"--smush-placeholder-width: 200px; --smush-placeholder-aspect-ratio: 200\/200;\"><\/p>\n<p><strong>Oliver Garner<\/strong><br \/>\noliver.garner@bergmanlabora.se<br \/>\nTel: 08-625 18 02<\/td>\n<td><img decoding=\"async\" class=\"alignnone size-full wp-image-943 lazyload\" data-src=\"https:\/\/www.bergmanlabora.se\/wp-content\/uploads\/2021\/05\/Catherine.png\" alt=\"\" width=\"200\" height=\"200\" src=\"data:image\/svg+xml;base64,PHN2ZyB3aWR0aD0iMSIgaGVpZ2h0PSIxIiB4bWxucz0iaHR0cDovL3d3dy53My5vcmcvMjAwMC9zdmciPjwvc3ZnPg==\" style=\"--smush-placeholder-width: 200px; --smush-placeholder-aspect-ratio: 200\/200;\"><\/p>\n<p><strong>Catherine Kitts <\/strong><br \/>\ncatherine.kitts@bergmanlabora.se<br \/>\nTel: 031-788 18 94<\/td>\n<\/tr>\n<\/tbody>\n<\/table>\n","protected":false},"excerpt":{"rendered":"<p>Precision and quality, for over 70 years. Manufacturer of microscope motorization (XY table, motor focus, etc.), microscope illumination, microscope accessories (slide loaders, immersion media dispensers, etc.) <\/p>\n","protected":false},"featured_media":7035,"template":"","meta":[],"product_brand":[],"product_cat":[246,181,178,273,176],"product_tag":[],"class_list":{"0":"post-9775","1":"product","2":"type-product","3":"status-publish","4":"has-post-thumbnail","6":"product_cat-accessories-en","7":"product_cat-industry-material-analysis","8":"product_cat-lifescience-clinical-applications","9":"product_cat-marzhauser-en","10":"product_cat-microscopy","12":"first","13":"instock","14":"shipping-taxable","15":"purchasable","16":"product-type-simple"},"yoast_head":"<!-- This site is optimized with the Yoast SEO plugin v27.2 - https:\/\/yoast.com\/product\/yoast-seo-wordpress\/ -->\n<title>Supplier M\u00e4rzh\u00e4user - BergmanLabora<\/title>\n<meta name=\"robots\" content=\"index, follow, max-snippet:-1, max-image-preview:large, max-video-preview:-1\" \/>\n<link rel=\"canonical\" href=\"https:\/\/www.bergmanlabora.se\/en\/product\/supplier-marzhauser\/\" \/>\n<meta property=\"og:locale\" content=\"en_US\" \/>\n<meta property=\"og:type\" content=\"article\" \/>\n<meta property=\"og:title\" content=\"Supplier M\u00e4rzh\u00e4user - BergmanLabora\" \/>\n<meta property=\"og:description\" content=\"Precision and quality, for over 70 years. Manufacturer of microscope motorization (XY table, motor focus, etc.), microscope illumination, microscope accessories (slide loaders, immersion media dispensers, etc.)\" \/>\n<meta property=\"og:url\" content=\"https:\/\/www.bergmanlabora.se\/en\/product\/supplier-marzhauser\/\" \/>\n<meta property=\"og:site_name\" content=\"BergmanLabora\" \/>\n<meta property=\"article:publisher\" content=\"https:\/\/www.facebook.com\/bergmanlabora\/\" \/>\n<meta property=\"og:image\" content=\"https:\/\/www.bergmanlabora.se\/wp-content\/uploads\/2021\/04\/MIK68_1.jpg\" \/>\n\t<meta property=\"og:image:width\" content=\"800\" \/>\n\t<meta property=\"og:image:height\" content=\"800\" \/>\n\t<meta property=\"og:image:type\" content=\"image\/jpeg\" \/>\n<meta name=\"twitter:card\" content=\"summary_large_image\" \/>\n<meta name=\"twitter:label1\" content=\"Est. reading time\" \/>\n\t<meta name=\"twitter:data1\" content=\"1 minute\" \/>\n<script type=\"application\/ld+json\" class=\"yoast-schema-graph\">{\"@context\":\"https:\/\/schema.org\",\"@graph\":[{\"@type\":\"WebPage\",\"@id\":\"https:\/\/www.bergmanlabora.se\/en\/product\/supplier-marzhauser\/\",\"url\":\"https:\/\/www.bergmanlabora.se\/en\/product\/supplier-marzhauser\/\",\"name\":\"Supplier M\u00e4rzh\u00e4user - BergmanLabora\",\"isPartOf\":{\"@id\":\"https:\/\/www.bergmanlabora.se\/en\/#website\"},\"primaryImageOfPage\":{\"@id\":\"https:\/\/www.bergmanlabora.se\/en\/product\/supplier-marzhauser\/#primaryimage\"},\"image\":{\"@id\":\"https:\/\/www.bergmanlabora.se\/en\/product\/supplier-marzhauser\/#primaryimage\"},\"thumbnailUrl\":\"https:\/\/www.bergmanlabora.se\/wp-content\/uploads\/2021\/04\/MIK68_1.jpg\",\"datePublished\":\"2021-04-27T08:44:46+00:00\",\"breadcrumb\":{\"@id\":\"https:\/\/www.bergmanlabora.se\/en\/product\/supplier-marzhauser\/#breadcrumb\"},\"inLanguage\":\"en-US\",\"potentialAction\":[{\"@type\":\"ReadAction\",\"target\":[\"https:\/\/www.bergmanlabora.se\/en\/product\/supplier-marzhauser\/\"]}]},{\"@type\":\"ImageObject\",\"inLanguage\":\"en-US\",\"@id\":\"https:\/\/www.bergmanlabora.se\/en\/product\/supplier-marzhauser\/#primaryimage\",\"url\":\"https:\/\/www.bergmanlabora.se\/wp-content\/uploads\/2021\/04\/MIK68_1.jpg\",\"contentUrl\":\"https:\/\/www.bergmanlabora.se\/wp-content\/uploads\/2021\/04\/MIK68_1.jpg\",\"width\":800,\"height\":800,\"caption\":\"Microscope accessories micropositioning systems from M\u00e4rzh\u00e4user\"},{\"@type\":\"BreadcrumbList\",\"@id\":\"https:\/\/www.bergmanlabora.se\/en\/product\/supplier-marzhauser\/#breadcrumb\",\"itemListElement\":[{\"@type\":\"ListItem\",\"position\":1,\"name\":\"Hem\",\"item\":\"https:\/\/www.bergmanlabora.se\/en\/world-leading-lab-instruments-for-life-sciences-and-industry\/\"},{\"@type\":\"ListItem\",\"position\":2,\"name\":\"Shop\",\"item\":\"https:\/\/bergmanlabora.com\/shop\/\"},{\"@type\":\"ListItem\",\"position\":3,\"name\":\"Supplier M\u00e4rzh\u00e4user\"}]},{\"@type\":\"WebSite\",\"@id\":\"https:\/\/www.bergmanlabora.se\/en\/#website\",\"url\":\"https:\/\/www.bergmanlabora.se\/en\/\",\"name\":\"BergmanLabora\",\"description\":\"En av Sveriges ledande leverant\u00f6rer till den svenska laboratoriemarknaden\",\"potentialAction\":[{\"@type\":\"SearchAction\",\"target\":{\"@type\":\"EntryPoint\",\"urlTemplate\":\"https:\/\/www.bergmanlabora.se\/en\/?s={search_term_string}\"},\"query-input\":{\"@type\":\"PropertyValueSpecification\",\"valueRequired\":true,\"valueName\":\"search_term_string\"}}],\"inLanguage\":\"en-US\"}]}<\/script>\n<!-- \/ Yoast SEO plugin. -->","yoast_head_json":{"title":"Supplier M\u00e4rzh\u00e4user - BergmanLabora","robots":{"index":"index","follow":"follow","max-snippet":"max-snippet:-1","max-image-preview":"max-image-preview:large","max-video-preview":"max-video-preview:-1"},"canonical":"https:\/\/www.bergmanlabora.se\/en\/product\/supplier-marzhauser\/","og_locale":"en_US","og_type":"article","og_title":"Supplier M\u00e4rzh\u00e4user - BergmanLabora","og_description":"Precision and quality, for over 70 years. Manufacturer of microscope motorization (XY table, motor focus, etc.), microscope illumination, microscope accessories (slide loaders, immersion media dispensers, etc.)","og_url":"https:\/\/www.bergmanlabora.se\/en\/product\/supplier-marzhauser\/","og_site_name":"BergmanLabora","article_publisher":"https:\/\/www.facebook.com\/bergmanlabora\/","og_image":[{"width":800,"height":800,"url":"https:\/\/www.bergmanlabora.se\/wp-content\/uploads\/2021\/04\/MIK68_1.jpg","type":"image\/jpeg"}],"twitter_card":"summary_large_image","twitter_misc":{"Est. reading time":"1 minute"},"schema":{"@context":"https:\/\/schema.org","@graph":[{"@type":"WebPage","@id":"https:\/\/www.bergmanlabora.se\/en\/product\/supplier-marzhauser\/","url":"https:\/\/www.bergmanlabora.se\/en\/product\/supplier-marzhauser\/","name":"Supplier M\u00e4rzh\u00e4user - BergmanLabora","isPartOf":{"@id":"https:\/\/www.bergmanlabora.se\/en\/#website"},"primaryImageOfPage":{"@id":"https:\/\/www.bergmanlabora.se\/en\/product\/supplier-marzhauser\/#primaryimage"},"image":{"@id":"https:\/\/www.bergmanlabora.se\/en\/product\/supplier-marzhauser\/#primaryimage"},"thumbnailUrl":"https:\/\/www.bergmanlabora.se\/wp-content\/uploads\/2021\/04\/MIK68_1.jpg","datePublished":"2021-04-27T08:44:46+00:00","breadcrumb":{"@id":"https:\/\/www.bergmanlabora.se\/en\/product\/supplier-marzhauser\/#breadcrumb"},"inLanguage":"en-US","potentialAction":[{"@type":"ReadAction","target":["https:\/\/www.bergmanlabora.se\/en\/product\/supplier-marzhauser\/"]}]},{"@type":"ImageObject","inLanguage":"en-US","@id":"https:\/\/www.bergmanlabora.se\/en\/product\/supplier-marzhauser\/#primaryimage","url":"https:\/\/www.bergmanlabora.se\/wp-content\/uploads\/2021\/04\/MIK68_1.jpg","contentUrl":"https:\/\/www.bergmanlabora.se\/wp-content\/uploads\/2021\/04\/MIK68_1.jpg","width":800,"height":800,"caption":"Microscope accessories micropositioning systems from M\u00e4rzh\u00e4user"},{"@type":"BreadcrumbList","@id":"https:\/\/www.bergmanlabora.se\/en\/product\/supplier-marzhauser\/#breadcrumb","itemListElement":[{"@type":"ListItem","position":1,"name":"Hem","item":"https:\/\/www.bergmanlabora.se\/en\/world-leading-lab-instruments-for-life-sciences-and-industry\/"},{"@type":"ListItem","position":2,"name":"Shop","item":"https:\/\/bergmanlabora.com\/shop\/"},{"@type":"ListItem","position":3,"name":"Supplier M\u00e4rzh\u00e4user"}]},{"@type":"WebSite","@id":"https:\/\/www.bergmanlabora.se\/en\/#website","url":"https:\/\/www.bergmanlabora.se\/en\/","name":"BergmanLabora","description":"En av Sveriges ledande leverant\u00f6rer till den svenska laboratoriemarknaden","potentialAction":[{"@type":"SearchAction","target":{"@type":"EntryPoint","urlTemplate":"https:\/\/www.bergmanlabora.se\/en\/?s={search_term_string}"},"query-input":{"@type":"PropertyValueSpecification","valueRequired":true,"valueName":"search_term_string"}}],"inLanguage":"en-US"}]}},"_links":{"self":[{"href":"https:\/\/www.bergmanlabora.se\/en\/wp-json\/wp\/v2\/product\/9775","targetHints":{"allow":["GET"]}}],"collection":[{"href":"https:\/\/www.bergmanlabora.se\/en\/wp-json\/wp\/v2\/product"}],"about":[{"href":"https:\/\/www.bergmanlabora.se\/en\/wp-json\/wp\/v2\/types\/product"}],"wp:featuredmedia":[{"embeddable":true,"href":"https:\/\/www.bergmanlabora.se\/en\/wp-json\/wp\/v2\/media\/7035"}],"wp:attachment":[{"href":"https:\/\/www.bergmanlabora.se\/en\/wp-json\/wp\/v2\/media?parent=9775"}],"wp:term":[{"taxonomy":"product_brand","embeddable":true,"href":"https:\/\/www.bergmanlabora.se\/en\/wp-json\/wp\/v2\/product_brand?post=9775"},{"taxonomy":"product_cat","embeddable":true,"href":"https:\/\/www.bergmanlabora.se\/en\/wp-json\/wp\/v2\/product_cat?post=9775"},{"taxonomy":"product_tag","embeddable":true,"href":"https:\/\/www.bergmanlabora.se\/en\/wp-json\/wp\/v2\/product_tag?post=9775"}],"curies":[{"name":"wp","href":"https:\/\/api.w.org\/{rel}","templated":true}]}}