{"id":9727,"date":"2021-04-27T10:44:42","date_gmt":"2021-04-27T08:44:42","guid":{"rendered":"https:\/\/www.bergmanlabora.se\/produkt\/nikon-measuring-microscope-mm200-400-800\/"},"modified":"2025-10-06T13:59:37","modified_gmt":"2025-10-06T11:59:37","slug":"nikon-measuring-microscope-mm200-400-800","status":"publish","type":"product","link":"https:\/\/www.bergmanlabora.se\/en\/product\/nikon-measuring-microscope-mm200-400-800\/","title":{"rendered":"Nikon Measuring Microscope MM200\/-400\/-800"},"content":{"rendered":"<p>The compact yet sturdy MM-200 model can be equipped with a 50 x 50 mm X\/Y stage and accommodates samples up to 110 mm high. With its monocular measuring head and 1X, 3X, 5X or 10X objective, it offers accurate and reliable measurements. <\/p>\n<h3>MM-400<\/h3>\n<p>The MM-400 extends the measuring area up to 150 x 100 mm with sample height up to 150 mm and sample weight up to 15 kg. You can choose between monocular or binocular measuring head and the Universal model can also be equipped with a lens turret with space for up to 6 lenses. Measurement in Z-axis is also possible.  <\/p>\n<h3>MM-800<\/h3>\n<p>MM-800 is the largest model and offers measuring tables with X\/Y stroke length up to 300 x 200 mm, sample height 200 mm and sample weight 20 kg. Binocular or trinocular measuring head that can also be equipped with up to 6 lenses depending on the model variant. Motorized Z-joint measurement, focusing aid, integrated Z-scale and various illumination options.  <\/p>\n<p>All microscopes can be equipped with a camera for measurement and documentation.<\/p>\n<h3>Contact the product specialist:<\/h3>\n<table class=\"kontaktpersoner\">\n<tbody>\n<tr>\n<td><img decoding=\"async\" class=\"alignnone size-full wp-image-947 lazyload\" data-src=\"https:\/\/www.bergmanlabora.se\/wp-content\/uploads\/2021\/05\/Torgeir.png\" alt=\"\" width=\"200\" height=\"200\" src=\"data:image\/svg+xml;base64,PHN2ZyB3aWR0aD0iMSIgaGVpZ2h0PSIxIiB4bWxucz0iaHR0cDovL3d3dy53My5vcmcvMjAwMC9zdmciPjwvc3ZnPg==\" style=\"--smush-placeholder-width: 200px; --smush-placeholder-aspect-ratio: 200\/200;\"><\/p>\n<p><strong>Torgeir Dahlen<\/strong><br \/>\ntorgeir.dahlen@bergmanlabora.se<br \/>\nTel: 08-625 18 01<\/td>\n<td><img decoding=\"async\" class=\"alignnone size-full wp-image-943 lazyload\" data-src=\"https:\/\/www.bergmanlabora.se\/wp-content\/uploads\/2021\/05\/Johan.png\" alt=\"\" width=\"200\" height=\"200\" src=\"data:image\/svg+xml;base64,PHN2ZyB3aWR0aD0iMSIgaGVpZ2h0PSIxIiB4bWxucz0iaHR0cDovL3d3dy53My5vcmcvMjAwMC9zdmciPjwvc3ZnPg==\" style=\"--smush-placeholder-width: 200px; --smush-placeholder-aspect-ratio: 200\/200;\"><\/p>\n<p><strong>Johan Sternemalm<\/strong><br \/>\njohan.sternemalm@bergmanlabora.se<br \/>\nTel: 031-10 54 40<\/td>\n<\/tr>\n<\/tbody>\n<\/table>\n","protected":false},"excerpt":{"rendered":"<p>MM200\/400\/800 is a series of stable and reliable measuring microscopes developed for industrial measurement, either with or without software. They are the obvious choice when you need the best measurement reliability for industrial applications. <\/p>\n","protected":false},"featured_media":1794,"template":"","meta":[],"product_brand":[],"product_cat":[181,176,180,240],"product_tag":[],"class_list":{"0":"post-9727","1":"product","2":"type-product","3":"status-publish","4":"has-post-thumbnail","6":"product_cat-industry-material-analysis","7":"product_cat-microscopy","8":"product_cat-nikon-en","9":"product_cat-optical-measurement","11":"first","12":"instock","13":"shipping-taxable","14":"purchasable","15":"product-type-simple"},"yoast_head":"<!-- This site is optimized with the Yoast SEO plugin v27.2 - https:\/\/yoast.com\/product\/yoast-seo-wordpress\/ -->\n<title>Nikon Measuring Microscope MM200\/-400\/-800 - BergmanLabora<\/title>\n<meta name=\"robots\" content=\"index, follow, max-snippet:-1, max-image-preview:large, max-video-preview:-1\" \/>\n<link rel=\"canonical\" href=\"https:\/\/www.bergmanlabora.se\/en\/product\/nikon-measuring-microscope-mm200-400-800\/\" \/>\n<meta property=\"og:locale\" content=\"en_US\" \/>\n<meta property=\"og:type\" content=\"article\" \/>\n<meta property=\"og:title\" content=\"Nikon Measuring Microscope MM200\/-400\/-800 - BergmanLabora\" \/>\n<meta property=\"og:description\" content=\"MM200\/400\/800 is a series of stable and reliable measuring microscopes developed for industrial measurement, either with or without software. They are the obvious choice when you need the best measurement reliability for industrial applications.\" \/>\n<meta property=\"og:url\" content=\"https:\/\/www.bergmanlabora.se\/en\/product\/nikon-measuring-microscope-mm200-400-800\/\" \/>\n<meta property=\"og:site_name\" content=\"BergmanLabora\" \/>\n<meta property=\"article:publisher\" content=\"https:\/\/www.facebook.com\/bergmanlabora\/\" \/>\n<meta property=\"article:modified_time\" content=\"2025-10-06T11:59:37+00:00\" \/>\n<meta property=\"og:image\" content=\"https:\/\/www.bergmanlabora.se\/wp-content\/uploads\/2021\/04\/MIK38_1.jpg\" \/>\n\t<meta property=\"og:image:width\" content=\"800\" \/>\n\t<meta property=\"og:image:height\" content=\"800\" \/>\n\t<meta property=\"og:image:type\" content=\"image\/jpeg\" \/>\n<meta name=\"twitter:card\" content=\"summary_large_image\" \/>\n<meta name=\"twitter:label1\" content=\"Est. reading time\" \/>\n\t<meta name=\"twitter:data1\" content=\"1 minute\" \/>\n<script type=\"application\/ld+json\" class=\"yoast-schema-graph\">{\"@context\":\"https:\/\/schema.org\",\"@graph\":[{\"@type\":\"WebPage\",\"@id\":\"https:\/\/www.bergmanlabora.se\/en\/product\/nikon-measuring-microscope-mm200-400-800\/\",\"url\":\"https:\/\/www.bergmanlabora.se\/en\/product\/nikon-measuring-microscope-mm200-400-800\/\",\"name\":\"Nikon Measuring Microscope MM200\/-400\/-800 - BergmanLabora\",\"isPartOf\":{\"@id\":\"https:\/\/www.bergmanlabora.se\/en\/#website\"},\"primaryImageOfPage\":{\"@id\":\"https:\/\/www.bergmanlabora.se\/en\/product\/nikon-measuring-microscope-mm200-400-800\/#primaryimage\"},\"image\":{\"@id\":\"https:\/\/www.bergmanlabora.se\/en\/product\/nikon-measuring-microscope-mm200-400-800\/#primaryimage\"},\"thumbnailUrl\":\"https:\/\/www.bergmanlabora.se\/wp-content\/uploads\/2021\/04\/MIK38_1.jpg\",\"datePublished\":\"2021-04-27T08:44:42+00:00\",\"dateModified\":\"2025-10-06T11:59:37+00:00\",\"breadcrumb\":{\"@id\":\"https:\/\/www.bergmanlabora.se\/en\/product\/nikon-measuring-microscope-mm200-400-800\/#breadcrumb\"},\"inLanguage\":\"en-US\",\"potentialAction\":[{\"@type\":\"ReadAction\",\"target\":[\"https:\/\/www.bergmanlabora.se\/en\/product\/nikon-measuring-microscope-mm200-400-800\/\"]}]},{\"@type\":\"ImageObject\",\"inLanguage\":\"en-US\",\"@id\":\"https:\/\/www.bergmanlabora.se\/en\/product\/nikon-measuring-microscope-mm200-400-800\/#primaryimage\",\"url\":\"https:\/\/www.bergmanlabora.se\/wp-content\/uploads\/2021\/04\/MIK38_1.jpg\",\"contentUrl\":\"https:\/\/www.bergmanlabora.se\/wp-content\/uploads\/2021\/04\/MIK38_1.jpg\",\"width\":800,\"height\":800,\"caption\":\"Mikroskop f\u00f6r optisk m\u00e4tning Nikon M\u00e4tmikroskop MM200\/-400\/-800\"},{\"@type\":\"BreadcrumbList\",\"@id\":\"https:\/\/www.bergmanlabora.se\/en\/product\/nikon-measuring-microscope-mm200-400-800\/#breadcrumb\",\"itemListElement\":[{\"@type\":\"ListItem\",\"position\":1,\"name\":\"Hem\",\"item\":\"https:\/\/www.bergmanlabora.se\/en\/world-leading-lab-instruments-for-life-sciences-and-industry\/\"},{\"@type\":\"ListItem\",\"position\":2,\"name\":\"Shop\",\"item\":\"https:\/\/bergmanlabora.com\/shop\/\"},{\"@type\":\"ListItem\",\"position\":3,\"name\":\"Nikon Measuring Microscope MM200\/-400\/-800\"}]},{\"@type\":\"WebSite\",\"@id\":\"https:\/\/www.bergmanlabora.se\/en\/#website\",\"url\":\"https:\/\/www.bergmanlabora.se\/en\/\",\"name\":\"BergmanLabora\",\"description\":\"En av Sveriges ledande leverant\u00f6rer till den svenska laboratoriemarknaden\",\"potentialAction\":[{\"@type\":\"SearchAction\",\"target\":{\"@type\":\"EntryPoint\",\"urlTemplate\":\"https:\/\/www.bergmanlabora.se\/en\/?s={search_term_string}\"},\"query-input\":{\"@type\":\"PropertyValueSpecification\",\"valueRequired\":true,\"valueName\":\"search_term_string\"}}],\"inLanguage\":\"en-US\"}]}<\/script>\n<!-- \/ Yoast SEO plugin. -->","yoast_head_json":{"title":"Nikon Measuring Microscope MM200\/-400\/-800 - BergmanLabora","robots":{"index":"index","follow":"follow","max-snippet":"max-snippet:-1","max-image-preview":"max-image-preview:large","max-video-preview":"max-video-preview:-1"},"canonical":"https:\/\/www.bergmanlabora.se\/en\/product\/nikon-measuring-microscope-mm200-400-800\/","og_locale":"en_US","og_type":"article","og_title":"Nikon Measuring Microscope MM200\/-400\/-800 - BergmanLabora","og_description":"MM200\/400\/800 is a series of stable and reliable measuring microscopes developed for industrial measurement, either with or without software. They are the obvious choice when you need the best measurement reliability for industrial applications.","og_url":"https:\/\/www.bergmanlabora.se\/en\/product\/nikon-measuring-microscope-mm200-400-800\/","og_site_name":"BergmanLabora","article_publisher":"https:\/\/www.facebook.com\/bergmanlabora\/","article_modified_time":"2025-10-06T11:59:37+00:00","og_image":[{"width":800,"height":800,"url":"https:\/\/www.bergmanlabora.se\/wp-content\/uploads\/2021\/04\/MIK38_1.jpg","type":"image\/jpeg"}],"twitter_card":"summary_large_image","twitter_misc":{"Est. reading time":"1 minute"},"schema":{"@context":"https:\/\/schema.org","@graph":[{"@type":"WebPage","@id":"https:\/\/www.bergmanlabora.se\/en\/product\/nikon-measuring-microscope-mm200-400-800\/","url":"https:\/\/www.bergmanlabora.se\/en\/product\/nikon-measuring-microscope-mm200-400-800\/","name":"Nikon Measuring Microscope MM200\/-400\/-800 - BergmanLabora","isPartOf":{"@id":"https:\/\/www.bergmanlabora.se\/en\/#website"},"primaryImageOfPage":{"@id":"https:\/\/www.bergmanlabora.se\/en\/product\/nikon-measuring-microscope-mm200-400-800\/#primaryimage"},"image":{"@id":"https:\/\/www.bergmanlabora.se\/en\/product\/nikon-measuring-microscope-mm200-400-800\/#primaryimage"},"thumbnailUrl":"https:\/\/www.bergmanlabora.se\/wp-content\/uploads\/2021\/04\/MIK38_1.jpg","datePublished":"2021-04-27T08:44:42+00:00","dateModified":"2025-10-06T11:59:37+00:00","breadcrumb":{"@id":"https:\/\/www.bergmanlabora.se\/en\/product\/nikon-measuring-microscope-mm200-400-800\/#breadcrumb"},"inLanguage":"en-US","potentialAction":[{"@type":"ReadAction","target":["https:\/\/www.bergmanlabora.se\/en\/product\/nikon-measuring-microscope-mm200-400-800\/"]}]},{"@type":"ImageObject","inLanguage":"en-US","@id":"https:\/\/www.bergmanlabora.se\/en\/product\/nikon-measuring-microscope-mm200-400-800\/#primaryimage","url":"https:\/\/www.bergmanlabora.se\/wp-content\/uploads\/2021\/04\/MIK38_1.jpg","contentUrl":"https:\/\/www.bergmanlabora.se\/wp-content\/uploads\/2021\/04\/MIK38_1.jpg","width":800,"height":800,"caption":"Mikroskop f\u00f6r optisk m\u00e4tning Nikon M\u00e4tmikroskop MM200\/-400\/-800"},{"@type":"BreadcrumbList","@id":"https:\/\/www.bergmanlabora.se\/en\/product\/nikon-measuring-microscope-mm200-400-800\/#breadcrumb","itemListElement":[{"@type":"ListItem","position":1,"name":"Hem","item":"https:\/\/www.bergmanlabora.se\/en\/world-leading-lab-instruments-for-life-sciences-and-industry\/"},{"@type":"ListItem","position":2,"name":"Shop","item":"https:\/\/bergmanlabora.com\/shop\/"},{"@type":"ListItem","position":3,"name":"Nikon Measuring Microscope MM200\/-400\/-800"}]},{"@type":"WebSite","@id":"https:\/\/www.bergmanlabora.se\/en\/#website","url":"https:\/\/www.bergmanlabora.se\/en\/","name":"BergmanLabora","description":"En av Sveriges ledande leverant\u00f6rer till den svenska laboratoriemarknaden","potentialAction":[{"@type":"SearchAction","target":{"@type":"EntryPoint","urlTemplate":"https:\/\/www.bergmanlabora.se\/en\/?s={search_term_string}"},"query-input":{"@type":"PropertyValueSpecification","valueRequired":true,"valueName":"search_term_string"}}],"inLanguage":"en-US"}]}},"_links":{"self":[{"href":"https:\/\/www.bergmanlabora.se\/en\/wp-json\/wp\/v2\/product\/9727","targetHints":{"allow":["GET"]}}],"collection":[{"href":"https:\/\/www.bergmanlabora.se\/en\/wp-json\/wp\/v2\/product"}],"about":[{"href":"https:\/\/www.bergmanlabora.se\/en\/wp-json\/wp\/v2\/types\/product"}],"wp:featuredmedia":[{"embeddable":true,"href":"https:\/\/www.bergmanlabora.se\/en\/wp-json\/wp\/v2\/media\/1794"}],"wp:attachment":[{"href":"https:\/\/www.bergmanlabora.se\/en\/wp-json\/wp\/v2\/media?parent=9727"}],"wp:term":[{"taxonomy":"product_brand","embeddable":true,"href":"https:\/\/www.bergmanlabora.se\/en\/wp-json\/wp\/v2\/product_brand?post=9727"},{"taxonomy":"product_cat","embeddable":true,"href":"https:\/\/www.bergmanlabora.se\/en\/wp-json\/wp\/v2\/product_cat?post=9727"},{"taxonomy":"product_tag","embeddable":true,"href":"https:\/\/www.bergmanlabora.se\/en\/wp-json\/wp\/v2\/product_tag?post=9727"}],"curies":[{"name":"wp","href":"https:\/\/api.w.org\/{rel}","templated":true}]}}