{"id":8001,"date":"2021-06-23T11:35:08","date_gmt":"2021-06-23T09:35:08","guid":{"rendered":"https:\/\/www.bergmanlabora.se\/produkt\/molecular-machines-industries\/"},"modified":"2024-08-07T12:23:55","modified_gmt":"2024-08-07T10:23:55","slug":"molecular-machines-industries","status":"publish","type":"product","link":"https:\/\/www.bergmanlabora.se\/en\/product\/molecular-machines-industries\/","title":{"rendered":"Molecular Machines &amp; Industries"},"content":{"rendered":"<p>Molecular Machines &amp; Industries (MMI) core competence is the development and production of innovative, efficient and cost-effective micromanipulation and imaging solutions for specific applications.<br \/>\nIn doing so, MMI invests heavily in new technologies and in quality, as well as in training for our employees and distributors.<br \/>\nOne example of innovative solutions is that MMI was the first to introduce UV laser technology to the laser microdissection market.<br \/>\nTheir users benefit from MMI&#8217;s long technical and application experience.<br \/>\nIn addition, they are the only manufacturer to offer continuous support even for older instruments in the field.      <\/p>\n<h3>We offer innovative solutions for:<\/h3>\n<p><strong>Laser &#8216;CapSure&#8217; microdissection <\/strong>&#8211; to isolate cells in tissue (MMI CellCut)<br \/>\n<strong>https:\/\/www.molecular-machines.com\/products\/cellcutMikroskopi-integrerad full image display (MMI CellScan) <\/strong><strong>https:\/\/www.molecular-machines.com\/products\/cellscanKapill\u00e4rbaserad selective isolation of single cells (MMI CellEctor) <\/strong><a href=\"https:\/\/www.molecular-machines.com\/products\/cellector\">https:\/\/www.molecular-machines.com\/products\/cellector<\/a> <strong><br \/>\n<\/strong><\/p>\n<p><strong>Optical tweezers <\/strong>&#8211; to quantify biological forces (MMI CellManipulator) <a href=\"https:\/\/www.molecular-machines.com\/products\/cellmanipulator\">https:\/\/www.molecular-machines.com\/products\/cellmanipulator<\/a> Our MMI CellCut combines several proven technologies that enable fast and accurate laser microdissection of paraffin and cryo samples, smears and live cell cultures.<br \/>\nTo dissect regions of interest, Molecular Machines &amp; Industries utilizes an extremely precise solid-state UV laser while maintaining sample morphology and ensuring the quality of the source material for subsequent downstream analysis.<br \/>\nIn addition, the patented contamination-free and reliable &#8216;CapSure&#8217; isolation technology with the unique MMI CapLift provides an automatic transfer of material from the slide to microcentrifuge tubes (Isolation Caps) without unnecessary induction of physical or chemical forces.<br \/>\nOf course, we provide the necessary consumables, for reliable and efficient excision of tissue areas and single cells.     &nbsp;<\/p>\n<h3>Contact the product specialist:<\/h3>\n<p><img decoding=\"async\" class=\"alignnone size-full wp-image-947 lazyload\" data-src=\"https:\/\/www.bergmanlabora.se\/wp-content\/uploads\/2021\/05\/Oliver.png\" alt=\"\" width=\"200\" height=\"200\" src=\"data:image\/svg+xml;base64,PHN2ZyB3aWR0aD0iMSIgaGVpZ2h0PSIxIiB4bWxucz0iaHR0cDovL3d3dy53My5vcmcvMjAwMC9zdmciPjwvc3ZnPg==\" style=\"--smush-placeholder-width: 200px; --smush-placeholder-aspect-ratio: 200\/200;\"><\/p>\n<p><strong>Oliver Garner<\/strong> oliver.garner@bergmanlabora.se Tel: 08-625 18 02<\/p>\n","protected":false},"excerpt":{"rendered":"<p><span data-sheets-value=\"{\"1\":2,\"2\":\"Marknadsledande leverant\u00f6r av innovativa, mikroskopbaserade mikromanipulationsl\u00f6sningar f\u00f6r biovetenskap, materialvetenskap och h\u00e4lso- och sjukv\u00e5rd. Specialiserade p\u00e5 hantering av encellsceller, lasermikrodissektion, hel bildvisning och optisk pincett f\u00f6r ett brett spektrum av kliniska och forskningsbaserade applikationer. \"}\" data-sheets-userformat=\"{\"2\":897,\"3\":{\"1\":0},\"10\":0,\"11\":4,\"12\":0}\">Market-leading provider of innovative, microscope-based micromanipulation solutions for life sciences, materials science and healthcare.<br \/>\nSpecializing in single-cell cell handling, laser microdissection, whole slide imaging and optical tweezers for a wide range of clinical and research-based applications.   <\/span><\/p>\n","protected":false},"featured_media":7152,"template":"","meta":[],"product_brand":[],"product_cat":[246,178,176,269],"product_tag":[],"class_list":{"0":"post-8001","1":"product","2":"type-product","3":"status-publish","4":"has-post-thumbnail","6":"product_cat-accessories-en","7":"product_cat-lifescience-clinical-applications","8":"product_cat-microscopy","9":"product_cat-mmi-en","11":"first","12":"instock","13":"shipping-taxable","14":"purchasable","15":"product-type-simple"},"yoast_head":"<!-- This site is optimized with the Yoast SEO plugin v27.2 - https:\/\/yoast.com\/product\/yoast-seo-wordpress\/ -->\n<title>Molecular Machines &amp; Industries - BergmanLabora<\/title>\n<meta name=\"robots\" content=\"index, follow, max-snippet:-1, max-image-preview:large, max-video-preview:-1\" \/>\n<link rel=\"canonical\" href=\"https:\/\/www.bergmanlabora.se\/en\/product\/molecular-machines-industries\/\" \/>\n<meta property=\"og:locale\" content=\"en_US\" \/>\n<meta property=\"og:type\" content=\"article\" \/>\n<meta property=\"og:title\" content=\"Molecular Machines &amp; Industries - BergmanLabora\" \/>\n<meta property=\"og:description\" content=\"Market-leading provider of innovative, microscope-based micromanipulation solutions for life sciences, materials science and healthcare. Specializing in single-cell cell handling, laser microdissection, whole slide imaging and optical tweezers for a wide range of clinical and research-based applications.\" \/>\n<meta property=\"og:url\" content=\"https:\/\/www.bergmanlabora.se\/en\/product\/molecular-machines-industries\/\" \/>\n<meta property=\"og:site_name\" content=\"BergmanLabora\" \/>\n<meta property=\"article:publisher\" content=\"https:\/\/www.facebook.com\/bergmanlabora\/\" \/>\n<meta property=\"article:modified_time\" content=\"2024-08-07T10:23:55+00:00\" \/>\n<meta property=\"og:image\" content=\"https:\/\/www.bergmanlabora.se\/wp-content\/uploads\/2021\/06\/MIK77_1.jpg\" \/>\n\t<meta property=\"og:image:width\" content=\"800\" \/>\n\t<meta property=\"og:image:height\" content=\"800\" \/>\n\t<meta property=\"og:image:type\" content=\"image\/jpeg\" \/>\n<meta name=\"twitter:card\" content=\"summary_large_image\" \/>\n<meta name=\"twitter:label1\" content=\"Est. reading time\" \/>\n\t<meta name=\"twitter:data1\" content=\"1 minute\" \/>\n<script type=\"application\/ld+json\" class=\"yoast-schema-graph\">{\"@context\":\"https:\/\/schema.org\",\"@graph\":[{\"@type\":\"WebPage\",\"@id\":\"https:\/\/www.bergmanlabora.se\/en\/product\/molecular-machines-industries\/\",\"url\":\"https:\/\/www.bergmanlabora.se\/en\/product\/molecular-machines-industries\/\",\"name\":\"Molecular Machines &amp; Industries - BergmanLabora\",\"isPartOf\":{\"@id\":\"https:\/\/www.bergmanlabora.se\/en\/#website\"},\"primaryImageOfPage\":{\"@id\":\"https:\/\/www.bergmanlabora.se\/en\/product\/molecular-machines-industries\/#primaryimage\"},\"image\":{\"@id\":\"https:\/\/www.bergmanlabora.se\/en\/product\/molecular-machines-industries\/#primaryimage\"},\"thumbnailUrl\":\"https:\/\/www.bergmanlabora.se\/wp-content\/uploads\/2021\/06\/MIK77_1.jpg\",\"datePublished\":\"2021-06-23T09:35:08+00:00\",\"dateModified\":\"2024-08-07T10:23:55+00:00\",\"breadcrumb\":{\"@id\":\"https:\/\/www.bergmanlabora.se\/en\/product\/molecular-machines-industries\/#breadcrumb\"},\"inLanguage\":\"en-US\",\"potentialAction\":[{\"@type\":\"ReadAction\",\"target\":[\"https:\/\/www.bergmanlabora.se\/en\/product\/molecular-machines-industries\/\"]}]},{\"@type\":\"ImageObject\",\"inLanguage\":\"en-US\",\"@id\":\"https:\/\/www.bergmanlabora.se\/en\/product\/molecular-machines-industries\/#primaryimage\",\"url\":\"https:\/\/www.bergmanlabora.se\/wp-content\/uploads\/2021\/06\/MIK77_1.jpg\",\"contentUrl\":\"https:\/\/www.bergmanlabora.se\/wp-content\/uploads\/2021\/06\/MIK77_1.jpg\",\"width\":800,\"height\":800,\"caption\":\"Molecular Machines &amp; Industries MMI Microscopy accessories\"},{\"@type\":\"BreadcrumbList\",\"@id\":\"https:\/\/www.bergmanlabora.se\/en\/product\/molecular-machines-industries\/#breadcrumb\",\"itemListElement\":[{\"@type\":\"ListItem\",\"position\":1,\"name\":\"Hem\",\"item\":\"https:\/\/www.bergmanlabora.se\/en\/world-leading-lab-instruments-for-life-sciences-and-industry\/\"},{\"@type\":\"ListItem\",\"position\":2,\"name\":\"Shop\",\"item\":\"https:\/\/bergmanlabora.com\/shop\/\"},{\"@type\":\"ListItem\",\"position\":3,\"name\":\"Molecular Machines &amp; Industries\"}]},{\"@type\":\"WebSite\",\"@id\":\"https:\/\/www.bergmanlabora.se\/en\/#website\",\"url\":\"https:\/\/www.bergmanlabora.se\/en\/\",\"name\":\"BergmanLabora\",\"description\":\"En av Sveriges ledande leverant\u00f6rer till den svenska laboratoriemarknaden\",\"potentialAction\":[{\"@type\":\"SearchAction\",\"target\":{\"@type\":\"EntryPoint\",\"urlTemplate\":\"https:\/\/www.bergmanlabora.se\/en\/?s={search_term_string}\"},\"query-input\":{\"@type\":\"PropertyValueSpecification\",\"valueRequired\":true,\"valueName\":\"search_term_string\"}}],\"inLanguage\":\"en-US\"}]}<\/script>\n<!-- \/ Yoast SEO plugin. -->","yoast_head_json":{"title":"Molecular Machines &amp; Industries - BergmanLabora","robots":{"index":"index","follow":"follow","max-snippet":"max-snippet:-1","max-image-preview":"max-image-preview:large","max-video-preview":"max-video-preview:-1"},"canonical":"https:\/\/www.bergmanlabora.se\/en\/product\/molecular-machines-industries\/","og_locale":"en_US","og_type":"article","og_title":"Molecular Machines &amp; Industries - BergmanLabora","og_description":"Market-leading provider of innovative, microscope-based micromanipulation solutions for life sciences, materials science and healthcare. Specializing in single-cell cell handling, laser microdissection, whole slide imaging and optical tweezers for a wide range of clinical and research-based applications.","og_url":"https:\/\/www.bergmanlabora.se\/en\/product\/molecular-machines-industries\/","og_site_name":"BergmanLabora","article_publisher":"https:\/\/www.facebook.com\/bergmanlabora\/","article_modified_time":"2024-08-07T10:23:55+00:00","og_image":[{"width":800,"height":800,"url":"https:\/\/www.bergmanlabora.se\/wp-content\/uploads\/2021\/06\/MIK77_1.jpg","type":"image\/jpeg"}],"twitter_card":"summary_large_image","twitter_misc":{"Est. reading time":"1 minute"},"schema":{"@context":"https:\/\/schema.org","@graph":[{"@type":"WebPage","@id":"https:\/\/www.bergmanlabora.se\/en\/product\/molecular-machines-industries\/","url":"https:\/\/www.bergmanlabora.se\/en\/product\/molecular-machines-industries\/","name":"Molecular Machines &amp; Industries - BergmanLabora","isPartOf":{"@id":"https:\/\/www.bergmanlabora.se\/en\/#website"},"primaryImageOfPage":{"@id":"https:\/\/www.bergmanlabora.se\/en\/product\/molecular-machines-industries\/#primaryimage"},"image":{"@id":"https:\/\/www.bergmanlabora.se\/en\/product\/molecular-machines-industries\/#primaryimage"},"thumbnailUrl":"https:\/\/www.bergmanlabora.se\/wp-content\/uploads\/2021\/06\/MIK77_1.jpg","datePublished":"2021-06-23T09:35:08+00:00","dateModified":"2024-08-07T10:23:55+00:00","breadcrumb":{"@id":"https:\/\/www.bergmanlabora.se\/en\/product\/molecular-machines-industries\/#breadcrumb"},"inLanguage":"en-US","potentialAction":[{"@type":"ReadAction","target":["https:\/\/www.bergmanlabora.se\/en\/product\/molecular-machines-industries\/"]}]},{"@type":"ImageObject","inLanguage":"en-US","@id":"https:\/\/www.bergmanlabora.se\/en\/product\/molecular-machines-industries\/#primaryimage","url":"https:\/\/www.bergmanlabora.se\/wp-content\/uploads\/2021\/06\/MIK77_1.jpg","contentUrl":"https:\/\/www.bergmanlabora.se\/wp-content\/uploads\/2021\/06\/MIK77_1.jpg","width":800,"height":800,"caption":"Molecular Machines &amp; Industries MMI Microscopy accessories"},{"@type":"BreadcrumbList","@id":"https:\/\/www.bergmanlabora.se\/en\/product\/molecular-machines-industries\/#breadcrumb","itemListElement":[{"@type":"ListItem","position":1,"name":"Hem","item":"https:\/\/www.bergmanlabora.se\/en\/world-leading-lab-instruments-for-life-sciences-and-industry\/"},{"@type":"ListItem","position":2,"name":"Shop","item":"https:\/\/bergmanlabora.com\/shop\/"},{"@type":"ListItem","position":3,"name":"Molecular Machines &amp; Industries"}]},{"@type":"WebSite","@id":"https:\/\/www.bergmanlabora.se\/en\/#website","url":"https:\/\/www.bergmanlabora.se\/en\/","name":"BergmanLabora","description":"En av Sveriges ledande leverant\u00f6rer till den svenska laboratoriemarknaden","potentialAction":[{"@type":"SearchAction","target":{"@type":"EntryPoint","urlTemplate":"https:\/\/www.bergmanlabora.se\/en\/?s={search_term_string}"},"query-input":{"@type":"PropertyValueSpecification","valueRequired":true,"valueName":"search_term_string"}}],"inLanguage":"en-US"}]}},"_links":{"self":[{"href":"https:\/\/www.bergmanlabora.se\/en\/wp-json\/wp\/v2\/product\/8001","targetHints":{"allow":["GET"]}}],"collection":[{"href":"https:\/\/www.bergmanlabora.se\/en\/wp-json\/wp\/v2\/product"}],"about":[{"href":"https:\/\/www.bergmanlabora.se\/en\/wp-json\/wp\/v2\/types\/product"}],"wp:featuredmedia":[{"embeddable":true,"href":"https:\/\/www.bergmanlabora.se\/en\/wp-json\/wp\/v2\/media\/7152"}],"wp:attachment":[{"href":"https:\/\/www.bergmanlabora.se\/en\/wp-json\/wp\/v2\/media?parent=8001"}],"wp:term":[{"taxonomy":"product_brand","embeddable":true,"href":"https:\/\/www.bergmanlabora.se\/en\/wp-json\/wp\/v2\/product_brand?post=8001"},{"taxonomy":"product_cat","embeddable":true,"href":"https:\/\/www.bergmanlabora.se\/en\/wp-json\/wp\/v2\/product_cat?post=8001"},{"taxonomy":"product_tag","embeddable":true,"href":"https:\/\/www.bergmanlabora.se\/en\/wp-json\/wp\/v2\/product_tag?post=8001"}],"curies":[{"name":"wp","href":"https:\/\/api.w.org\/{rel}","templated":true}]}}